{"id":17,"date":"2025-05-23T11:43:02","date_gmt":"2025-05-23T11:43:02","guid":{"rendered":"https:\/\/institucionalidadcip.org\/?page_id=17"},"modified":"2025-05-25T17:30:34","modified_gmt":"2025-05-25T17:30:34","slug":"nosotros","status":"publish","type":"page","link":"https:\/\/institucionalidadcip.org\/?page_id=17","title":{"rendered":"Nosotros"},"content":{"rendered":"\n<p>La Administraci\u00f3n Transitoria del Consejo Nacional del Colegio de Ingenieros del Per\u00fa (CIP) surge como un \u00f3rgano leg\u00edtimamente designado mediante la Resoluci\u00f3n N.\u00ba 040-2024-TEN<\/p>\n\n\n\n<figure class=\"wp-block-image size-large\"><img loading=\"lazy\" decoding=\"async\" width=\"1024\" height=\"513\" src=\"https:\/\/institucionalidadcip.org\/wp-content\/uploads\/2025\/05\/fachada_cip-1024x513.jpeg\" alt=\"\" class=\"wp-image-6\" srcset=\"https:\/\/institucionalidadcip.org\/wp-content\/uploads\/2025\/05\/fachada_cip-1024x513.jpeg 1024w, https:\/\/institucionalidadcip.org\/wp-content\/uploads\/2025\/05\/fachada_cip-300x150.jpeg 300w, https:\/\/institucionalidadcip.org\/wp-content\/uploads\/2025\/05\/fachada_cip-768x385.jpeg 768w, https:\/\/institucionalidadcip.org\/wp-content\/uploads\/2025\/05\/fachada_cip-421x211.jpeg 421w, https:\/\/institucionalidadcip.org\/wp-content\/uploads\/2025\/05\/fachada_cip.jpeg 1100w\" sizes=\"auto, (max-width: 1024px) 100vw, 1024px\" \/><\/figure>\n\n\n\n<p>\u00a1S\u00edguenos en <a href=\"https:\/\/www.facebook.com\/profile.php?id=61572127122022\" data-type=\"link\" data-id=\"https:\/\/www.facebook.com\/profile.php?id=61572127122022\">Facebook<\/a>!<\/p>\n\n\n\n<p><\/p>\n","protected":false},"excerpt":{"rendered":"<p>La Administraci\u00f3n Transitoria del Consejo Nacional del Colegio de Ingenieros del Per\u00fa (CIP) surge como un \u00f3rgano leg\u00edtimamente designado mediante la Resoluci\u00f3n N.\u00ba 040-2024-TEN \u00a1S\u00edguenos &hellip;<\/p>\n","protected":false},"author":1,"featured_media":0,"parent":0,"menu_order":0,"comment_status":"closed","ping_status":"closed","template":"","meta":{"footnotes":""},"class_list":["post-17","page","type-page","status-publish","hentry"],"_links":{"self":[{"href":"https:\/\/institucionalidadcip.org\/index.php?rest_route=\/wp\/v2\/pages\/17","targetHints":{"allow":["GET"]}}],"collection":[{"href":"https:\/\/institucionalidadcip.org\/index.php?rest_route=\/wp\/v2\/pages"}],"about":[{"href":"https:\/\/institucionalidadcip.org\/index.php?rest_route=\/wp\/v2\/types\/page"}],"author":[{"embeddable":true,"href":"https:\/\/institucionalidadcip.org\/index.php?rest_route=\/wp\/v2\/users\/1"}],"replies":[{"embeddable":true,"href":"https:\/\/institucionalidadcip.org\/index.php?rest_route=%2Fwp%2Fv2%2Fcomments&post=17"}],"version-history":[{"count":6,"href":"https:\/\/institucionalidadcip.org\/index.php?rest_route=\/wp\/v2\/pages\/17\/revisions"}],"predecessor-version":[{"id":81,"href":"https:\/\/institucionalidadcip.org\/index.php?rest_route=\/wp\/v2\/pages\/17\/revisions\/81"}],"wp:attachment":[{"href":"https:\/\/institucionalidadcip.org\/index.php?rest_route=%2Fwp%2Fv2%2Fmedia&parent=17"}],"curies":[{"name":"wp","href":"https:\/\/api.w.org\/{rel}","templated":true}]}}